{"id":3648,"date":"2019-07-20T23:26:31","date_gmt":"2019-07-20T23:26:31","guid":{"rendered":"https:\/\/obaramk.com\/empaques\/"},"modified":"2019-08-10T19:40:04","modified_gmt":"2019-08-10T19:40:04","slug":"empaques","status":"publish","type":"page","link":"https:\/\/obaramk.com\/en\/empaques\/","title":{"rendered":"Unidad de Empaques"},"content":{"rendered":"<p>[vc_row][vc_column][vc_empty_space height=&#8221;50px&#8221;][\/vc_column][\/vc_row][vc_row][vc_column][vc_column_text]<\/p>\n<h1><span style=\"color: #4054aa;\"><b>Unidad de empaques<\/b><\/span><\/h1>\n<p>[\/vc_column_text][\/vc_column][\/vc_row][vc_row][vc_column width=&#8221;1\/2&#8243;][vc_column_text]<\/p>\n<p style=\"color: #4054aa;\"><strong>\u00bfQu\u00e9 es una etiqueta?<\/strong><\/p>\n<p style=\"text-align: justify;\">Las etiquetas son r\u00f3tulo que se coloca adherido, enganchado, fijado o colgado en alguna parte del producto\/empaque para indicar una marca, clasificaci\u00f3n y caracter\u00edsticas.<\/p>\n<p>[\/vc_column_text][\/vc_column][vc_column width=&#8221;1\/2&#8243;][vc_column_text]<\/p>\n<p style=\"color: #4054aa;\"><strong>Nuestro proceso<\/strong><\/p>\n<p style=\"text-align: justify;\">Con el objetivo de evitar que nuestros clientes caigan en los problemas m\u00e1s comunes en el proceso de etiquetado (sobr<span style=\"font-weight: 400;\">e costos e inadecuada identificaci\u00f3n\/presentaci\u00f3n de productos), hemos dise\u00f1ado un proceso que garantice la calidad desde el inicio del proceso.\u00a0<\/span><\/p>\n<p>[\/vc_column_text][\/vc_column][\/vc_row][vc_row][vc_column][vc_empty_space height=&#8221;50px&#8221;][\/vc_column][\/vc_row][vc_row][vc_column][vc_single_image image=&#8221;3825&#8243; img_size=&#8221;700&#215;400&#8243; alignment=&#8221;center&#8221;][\/vc_column][\/vc_row][vc_row][vc_column][vc_empty_space height=&#8221;70px&#8221;][\/vc_column][\/vc_row][vc_row][vc_column width=&#8221;1\/2&#8243;][vc_empty_space][vc_column_text]<\/p>\n<p style=\"color: #4054aa;\"><strong>Fundas Termoencogibles<\/strong><\/p>\n<p style=\"text-align: justify;\">Es un sistema de empaque que se usa cubrir el envase del producto, con el fin de realzar sus caracter\u00edsticas f\u00edsicas y marca del producto a trav\u00e9s de dise\u00f1os personalizados. Se adapta a cualquier forma de envase y lo protege facilitando el transporte, exhibici\u00f3n y diferenciaci\u00f3n en punto de venta.<\/p>\n<h6>*Etiquetas en rollo papel para frascos lisos sin curvas.<\/h6>\n<p>[\/vc_column_text][\/vc_column][vc_column width=&#8221;1\/2&#8243;][vc_gallery interval=&#8221;3&#8243; images=&#8221;3751,3753&#8243; img_size=&#8221;800&#215;500&#8243;][\/vc_column][\/vc_row][vc_row][vc_column][vc_empty_space height=&#8221;40px&#8221;][\/vc_column][\/vc_row][vc_row][vc_column width=&#8221;1\/2&#8243;][vc_gallery interval=&#8221;5&#8243; images=&#8221;3762,3756,3764,3758,3760&#8243; img_size=&#8221;800&#215;500&#8243;][\/vc_column][vc_column width=&#8221;1\/2&#8243;][vc_empty_space][vc_column_text]<\/p>\n<p style=\"color: #4054aa;\"><b>Bandas Termoencogibles<\/b><\/p>\n<p style=\"text-align: justify;\">Esta modalidad de fundas es conocida como capuch\u00f3n, ya que garantiza la seguridad de los productos a consumir y da una excelente presentaci\u00f3n. Los capuchones se aplican en la tapa de los envases como sello de seguridad para evitar adulteraciones y alteraciones del producto, Por la calidad de encogimiento, nuestros capuchones se adhieren excelentemente al cuello y la tapa del envase.<\/p>\n<h6>*Etiquetas termo aplicada en productos\u00a0 farmac\u00e9uticos, de aseo, nutricionales.<\/h6>\n<p>[\/vc_column_text][\/vc_column][\/vc_row][vc_row][vc_column][vc_empty_space height=&#8221;40px&#8221;][\/vc_column][\/vc_row][vc_row][vc_column width=&#8221;1\/2&#8243;][vc_empty_space][vc_column_text]<\/p>\n<p style=\"color: #4054aa;\"><b>Empaque Promocional<\/b><\/p>\n<p style=\"text-align: justify;\">Es un sistema de empaque que se usa para agrupar productos de diferentes caracter\u00edsticas en una sola unidad. Est\u00e1n dise\u00f1ados para adaptarse a cualquier forma, proteger los productos y realzar sus caracter\u00edsticas. Adem\u00e1s, facilitan el transporte y exhibici\u00f3n del producto.<\/p>\n<p>[\/vc_column_text][\/vc_column][vc_column width=&#8221;1\/2&#8243;][vc_gallery interval=&#8221;3&#8243; images=&#8221;3767,3772&#8243; img_size=&#8221;800&#215;500&#8243;][\/vc_column][\/vc_row][vc_row][vc_column][vc_empty_space height=&#8221;70px&#8221;][\/vc_column][\/vc_row][vc_row][vc_column width=&#8221;1\/2&#8243;][vc_gallery interval=&#8221;3&#8243; images=&#8221;3719&#8243; img_size=&#8221;800&#215;500&#8243;][\/vc_column][vc_column width=&#8221;1\/2&#8243;][vc_empty_space][vc_column_text]<\/p>\n<p style=\"color: #4054aa;\"><b>Etiquetas Polipropileno<\/b><\/p>\n<p>Es un modelo de etiqueta autoadhesiva de material sint\u00e9tico de alto contraste. Son de alta resistencia. No es posible romperlas con la mano. Soporta amplios rangos de temperaturas y superficies. Ideales para ambientes h\u00famedos, con polvo o aceites. Ideales para impresi\u00f3n con ribbon de resina por termotransferencia.<\/p>\n<p>&nbsp;<\/p>\n<p>[\/vc_column_text][\/vc_column][\/vc_row][vc_row][vc_column][vc_empty_space height=&#8221;40px&#8221;][\/vc_column][\/vc_row][vc_row][vc_column][vc_column_text]<\/p>\n<h3 style=\"text-align: center;\"><span style=\"color: #4054aa;\"><strong>\u00a1Solicita una asesor\u00eda!<\/strong>\u00a0<\/span><\/h3>\n<p style=\"text-align: center;\">packaging@obaramk.com<\/p>\n<p>[\/vc_column_text][vc_empty_space height=&#8221;20px&#8221;]<p class=\"wpcf7-contact-form-not-found\"><strong>Error:<\/strong> Contact form not found.<\/p>[\/vc_column][\/vc_row][vc_row][vc_column][vc_empty_space height=&#8221;70px&#8221;][\/vc_column][\/vc_row]<\/p>\n","protected":false},"excerpt":{"rendered":"<p>[vc_row][vc_column][vc_empty_space height=&#8221;50px&#8221;][\/vc_column][\/vc_row][vc_row][vc_column][vc_column_text] Unidad de empaques [\/vc_column_text][\/vc_column][\/vc_row][vc_row][vc_column width=&#8221;1\/2&#8243;][vc_column_text] \u00bfQu\u00e9 es una etiqueta? Las etiquetas son r\u00f3tulo que se coloca adherido, enganchado, fijado o colgado en alguna parte del producto\/empaque para indicar una marca, clasificaci\u00f3n y caracter\u00edsticas. [\/vc_column_text][\/vc_column][vc_column width=&#8221;1\/2&#8243;][vc_column_text] Nuestro proceso Con el objetivo de evitar que nuestros clientes caigan en los problemas m\u00e1s comunes en el [&hellip;]<\/p>\n","protected":false},"author":1,"featured_media":0,"parent":0,"menu_order":0,"comment_status":"closed","ping_status":"closed","template":"visual-temlpate.php","meta":{"_exactmetrics_skip_tracking":false,"_exactmetrics_sitenote_active":false,"_exactmetrics_sitenote_note":"","_exactmetrics_sitenote_category":0,"footnotes":""},"yoast_head":"<!-- This site is optimized with the Yoast SEO plugin v22.3 - https:\/\/yoast.com\/wordpress\/plugins\/seo\/ -->\n<title>Unidad de Empaques - Obara Marketer<\/title>\n<meta name=\"robots\" content=\"index, follow, max-snippet:-1, max-image-preview:large, max-video-preview:-1\" \/>\n<link rel=\"canonical\" href=\"https:\/\/obaramk.com\/en\/empaques\/\" \/>\n<meta property=\"og:locale\" content=\"en_US\" \/>\n<meta property=\"og:type\" content=\"article\" \/>\n<meta property=\"og:title\" content=\"Unidad de Empaques - Obara Marketer\" \/>\n<meta property=\"og:description\" content=\"[vc_row][vc_column][vc_empty_space height=&#8221;50px&#8221;][\/vc_column][\/vc_row][vc_row][vc_column][vc_column_text] Unidad de empaques [\/vc_column_text][\/vc_column][\/vc_row][vc_row][vc_column width=&#8221;1\/2&#8243;][vc_column_text] \u00bfQu\u00e9 es una etiqueta? Las etiquetas son r\u00f3tulo que se coloca adherido, enganchado, fijado o colgado en alguna parte del producto\/empaque para indicar una marca, clasificaci\u00f3n y caracter\u00edsticas. [\/vc_column_text][\/vc_column][vc_column width=&#8221;1\/2&#8243;][vc_column_text] Nuestro proceso Con el objetivo de evitar que nuestros clientes caigan en los problemas m\u00e1s comunes en el [&hellip;]\" \/>\n<meta property=\"og:url\" content=\"https:\/\/obaramk.com\/en\/empaques\/\" \/>\n<meta property=\"og:site_name\" content=\"Obara Marketer\" \/>\n<meta property=\"article:modified_time\" content=\"2019-08-10T19:40:04+00:00\" \/>\n<meta name=\"twitter:card\" content=\"summary_large_image\" \/>\n<meta name=\"twitter:label1\" content=\"Est. reading time\" \/>\n\t<meta name=\"twitter:data1\" content=\"3 minutes\" \/>\n<script type=\"application\/ld+json\" class=\"yoast-schema-graph\">{\"@context\":\"https:\/\/schema.org\",\"@graph\":[{\"@type\":\"WebPage\",\"@id\":\"https:\/\/obaramk.com\/en\/empaques\/\",\"url\":\"https:\/\/obaramk.com\/en\/empaques\/\",\"name\":\"Unidad de Empaques - Obara Marketer\",\"isPartOf\":{\"@id\":\"https:\/\/obaramk.com\/en\/#website\"},\"datePublished\":\"2019-07-20T23:26:31+00:00\",\"dateModified\":\"2019-08-10T19:40:04+00:00\",\"breadcrumb\":{\"@id\":\"https:\/\/obaramk.com\/en\/empaques\/#breadcrumb\"},\"inLanguage\":\"en-US\",\"potentialAction\":[{\"@type\":\"ReadAction\",\"target\":[\"https:\/\/obaramk.com\/en\/empaques\/\"]}]},{\"@type\":\"BreadcrumbList\",\"@id\":\"https:\/\/obaramk.com\/en\/empaques\/#breadcrumb\",\"itemListElement\":[{\"@type\":\"ListItem\",\"position\":1,\"name\":\"Home\",\"item\":\"https:\/\/obaramk.com\/en\/\"},{\"@type\":\"ListItem\",\"position\":2,\"name\":\"Unidad de Empaques\"}]},{\"@type\":\"WebSite\",\"@id\":\"https:\/\/obaramk.com\/en\/#website\",\"url\":\"https:\/\/obaramk.com\/en\/\",\"name\":\"Obara Marketer\",\"description\":\"Just another WordPress site\",\"potentialAction\":[{\"@type\":\"SearchAction\",\"target\":{\"@type\":\"EntryPoint\",\"urlTemplate\":\"https:\/\/obaramk.com\/en\/?s={search_term_string}\"},\"query-input\":\"required name=search_term_string\"}],\"inLanguage\":\"en-US\"}]}<\/script>\n<!-- \/ Yoast SEO plugin. -->","yoast_head_json":{"title":"Unidad de Empaques - Obara Marketer","robots":{"index":"index","follow":"follow","max-snippet":"max-snippet:-1","max-image-preview":"max-image-preview:large","max-video-preview":"max-video-preview:-1"},"canonical":"https:\/\/obaramk.com\/en\/empaques\/","og_locale":"en_US","og_type":"article","og_title":"Unidad de Empaques - Obara Marketer","og_description":"[vc_row][vc_column][vc_empty_space height=&#8221;50px&#8221;][\/vc_column][\/vc_row][vc_row][vc_column][vc_column_text] Unidad de empaques [\/vc_column_text][\/vc_column][\/vc_row][vc_row][vc_column width=&#8221;1\/2&#8243;][vc_column_text] \u00bfQu\u00e9 es una etiqueta? Las etiquetas son r\u00f3tulo que se coloca adherido, enganchado, fijado o colgado en alguna parte del producto\/empaque para indicar una marca, clasificaci\u00f3n y caracter\u00edsticas. [\/vc_column_text][\/vc_column][vc_column width=&#8221;1\/2&#8243;][vc_column_text] Nuestro proceso Con el objetivo de evitar que nuestros clientes caigan en los problemas m\u00e1s comunes en el [&hellip;]","og_url":"https:\/\/obaramk.com\/en\/empaques\/","og_site_name":"Obara Marketer","article_modified_time":"2019-08-10T19:40:04+00:00","twitter_card":"summary_large_image","twitter_misc":{"Est. reading time":"3 minutes"},"schema":{"@context":"https:\/\/schema.org","@graph":[{"@type":"WebPage","@id":"https:\/\/obaramk.com\/en\/empaques\/","url":"https:\/\/obaramk.com\/en\/empaques\/","name":"Unidad de Empaques - Obara Marketer","isPartOf":{"@id":"https:\/\/obaramk.com\/en\/#website"},"datePublished":"2019-07-20T23:26:31+00:00","dateModified":"2019-08-10T19:40:04+00:00","breadcrumb":{"@id":"https:\/\/obaramk.com\/en\/empaques\/#breadcrumb"},"inLanguage":"en-US","potentialAction":[{"@type":"ReadAction","target":["https:\/\/obaramk.com\/en\/empaques\/"]}]},{"@type":"BreadcrumbList","@id":"https:\/\/obaramk.com\/en\/empaques\/#breadcrumb","itemListElement":[{"@type":"ListItem","position":1,"name":"Home","item":"https:\/\/obaramk.com\/en\/"},{"@type":"ListItem","position":2,"name":"Unidad de Empaques"}]},{"@type":"WebSite","@id":"https:\/\/obaramk.com\/en\/#website","url":"https:\/\/obaramk.com\/en\/","name":"Obara Marketer","description":"Just another WordPress site","potentialAction":[{"@type":"SearchAction","target":{"@type":"EntryPoint","urlTemplate":"https:\/\/obaramk.com\/en\/?s={search_term_string}"},"query-input":"required name=search_term_string"}],"inLanguage":"en-US"}]}},"_links":{"self":[{"href":"https:\/\/obaramk.com\/en\/wp-json\/wp\/v2\/pages\/3648"}],"collection":[{"href":"https:\/\/obaramk.com\/en\/wp-json\/wp\/v2\/pages"}],"about":[{"href":"https:\/\/obaramk.com\/en\/wp-json\/wp\/v2\/types\/page"}],"author":[{"embeddable":true,"href":"https:\/\/obaramk.com\/en\/wp-json\/wp\/v2\/users\/1"}],"replies":[{"embeddable":true,"href":"https:\/\/obaramk.com\/en\/wp-json\/wp\/v2\/comments?post=3648"}],"version-history":[{"count":4,"href":"https:\/\/obaramk.com\/en\/wp-json\/wp\/v2\/pages\/3648\/revisions"}],"predecessor-version":[{"id":3895,"href":"https:\/\/obaramk.com\/en\/wp-json\/wp\/v2\/pages\/3648\/revisions\/3895"}],"wp:attachment":[{"href":"https:\/\/obaramk.com\/en\/wp-json\/wp\/v2\/media?parent=3648"}],"curies":[{"name":"wp","href":"https:\/\/api.w.org\/{rel}","templated":true}]}}