{"id":2811,"date":"2018-06-18T03:25:54","date_gmt":"2018-06-18T03:25:54","guid":{"rendered":"http:\/\/7uptheme.com\/wordpress\/fruitshop\/?post_type=product&#038;p=2811"},"modified":"2022-12-12T11:47:43","modified_gmt":"2022-12-12T11:47:43","slug":"collagen-skin-plus","status":"publish","type":"product","link":"https:\/\/obaramk.com\/en\/product\/collagen-skin-plus\/","title":{"rendered":"Collagen Skin +"},"content":{"rendered":"<p>\u00bfPor qu\u00e9 tomar esta bebida?<br \/>\nEl col\u00e1geno es el responsable de la flexibilidad y juventud de los m\u00fasculos de nuestro organismo, que en combinaci\u00f3n con las vitaminas incluidas en la proporci\u00f3n adecuada ayuda a:<br \/>\n&#8211; Mejora la firmeza de la piel y su elasticidad, por lo que se observar\u00e1 una notoria mejor\u00eda en manchas, cicatrices y estr\u00edas.<br \/>\n&#8211; Fortalece las articulaciones, u\u00f1as y cabello.<br \/>\n&#8211; Retrasar\u00e1 los efectos de la edad, atenuando las l\u00edneas de expresi\u00f3n.<br \/>\n&#8211; Mejora el control de la presi\u00f3n arterial.<br \/>\n&#8211; Previene \u00falceras g\u00e1stricas.<\/p>\n<p>Contraindicaciones:<br \/>\nAlergia a la prote\u00edna animal, intolerancia a alg\u00fan ingrediente de los productos a base de col\u00e1geno, por ejemplo, la fenilalanina.<br \/>\nEn caso de reacci\u00f3n adversa, suspenda el suplemento y consulte a su m\u00e9dico.<\/p>\n","protected":false},"excerpt":{"rendered":"<p>Registro INVIMA: RSA-0008387-2019<br \/>\nEs una bebida l\u00edquida concentrada a base de t\u00e9 que contiene col\u00e1geno hidrolizado, enriquecida con vitaminas A, B5 \u2013 B7 \u2013 B9 \u2013 B12, C, D, E, K, magnesio y \u00e1cido f\u00f3lico. El col\u00e1geno es una prote\u00edna importante que ayuda a mejorar nuestro bienestar y calidad de vida.<\/p>\n","protected":false},"featured_media":4009,"comment_status":"open","ping_status":"closed","template":"","meta":{"_exactmetrics_skip_tracking":false,"_exactmetrics_sitenote_active":false,"_exactmetrics_sitenote_note":"","_exactmetrics_sitenote_category":0},"product_cat":[125,15,70],"product_tag":[53],"yoast_head":"<!-- This site is optimized with the Yoast SEO plugin v22.3 - https:\/\/yoast.com\/wordpress\/plugins\/seo\/ -->\n<title>Collagen Skin + - Obara Marketer<\/title>\n<meta name=\"robots\" content=\"index, follow, max-snippet:-1, max-image-preview:large, max-video-preview:-1\" \/>\n<link rel=\"canonical\" href=\"https:\/\/obaramk.com\/en\/product\/collagen-skin-plus\/\" \/>\n<meta property=\"og:locale\" content=\"en_US\" \/>\n<meta property=\"og:type\" content=\"article\" \/>\n<meta property=\"og:title\" content=\"Collagen Skin + - Obara Marketer\" \/>\n<meta property=\"og:description\" content=\"Registro INVIMA: RSA-0008387-2019 Es una bebida l\u00edquida concentrada a base de t\u00e9 que contiene col\u00e1geno hidrolizado, enriquecida con vitaminas A, B5 \u2013 B7 \u2013 B9 \u2013 B12, C, D, E, K, magnesio y \u00e1cido f\u00f3lico. El col\u00e1geno es una prote\u00edna importante que ayuda a mejorar nuestro bienestar y calidad de vida.\" \/>\n<meta property=\"og:url\" content=\"https:\/\/obaramk.com\/en\/product\/collagen-skin-plus\/\" \/>\n<meta property=\"og:site_name\" content=\"Obara Marketer\" \/>\n<meta property=\"article:modified_time\" content=\"2022-12-12T11:47:43+00:00\" \/>\n<meta property=\"og:image\" content=\"https:\/\/obaramk.com\/wp-content\/uploads\/2018\/06\/z.png\" \/>\n\t<meta property=\"og:image:width\" content=\"500\" \/>\n\t<meta property=\"og:image:height\" content=\"500\" \/>\n\t<meta property=\"og:image:type\" content=\"image\/png\" \/>\n<meta name=\"twitter:card\" content=\"summary_large_image\" \/>\n<meta name=\"twitter:label1\" content=\"Est. reading time\" \/>\n\t<meta name=\"twitter:data1\" content=\"1 minute\" \/>\n<script type=\"application\/ld+json\" class=\"yoast-schema-graph\">{\"@context\":\"https:\/\/schema.org\",\"@graph\":[{\"@type\":\"WebPage\",\"@id\":\"https:\/\/obaramk.com\/en\/product\/collagen-skin-plus\/\",\"url\":\"https:\/\/obaramk.com\/en\/product\/collagen-skin-plus\/\",\"name\":\"Collagen Skin + - Obara Marketer\",\"isPartOf\":{\"@id\":\"https:\/\/obaramk.com\/en\/#website\"},\"primaryImageOfPage\":{\"@id\":\"https:\/\/obaramk.com\/en\/product\/collagen-skin-plus\/#primaryimage\"},\"image\":{\"@id\":\"https:\/\/obaramk.com\/en\/product\/collagen-skin-plus\/#primaryimage\"},\"thumbnailUrl\":\"https:\/\/obaramk.com\/wp-content\/uploads\/2018\/06\/z.png\",\"datePublished\":\"2018-06-18T03:25:54+00:00\",\"dateModified\":\"2022-12-12T11:47:43+00:00\",\"breadcrumb\":{\"@id\":\"https:\/\/obaramk.com\/en\/product\/collagen-skin-plus\/#breadcrumb\"},\"inLanguage\":\"en-US\",\"potentialAction\":[{\"@type\":\"ReadAction\",\"target\":[\"https:\/\/obaramk.com\/en\/product\/collagen-skin-plus\/\"]}]},{\"@type\":\"ImageObject\",\"inLanguage\":\"en-US\",\"@id\":\"https:\/\/obaramk.com\/en\/product\/collagen-skin-plus\/#primaryimage\",\"url\":\"https:\/\/obaramk.com\/wp-content\/uploads\/2018\/06\/z.png\",\"contentUrl\":\"https:\/\/obaramk.com\/wp-content\/uploads\/2018\/06\/z.png\",\"width\":500,\"height\":500},{\"@type\":\"BreadcrumbList\",\"@id\":\"https:\/\/obaramk.com\/en\/product\/collagen-skin-plus\/#breadcrumb\",\"itemListElement\":[{\"@type\":\"ListItem\",\"position\":1,\"name\":\"Home\",\"item\":\"https:\/\/obaramk.com\/en\/\"},{\"@type\":\"ListItem\",\"position\":2,\"name\":\"Shop\",\"item\":\"https:\/\/obaramk.com\/en\/shop\/\"},{\"@type\":\"ListItem\",\"position\":3,\"name\":\"Collagen Skin +\"}]},{\"@type\":\"WebSite\",\"@id\":\"https:\/\/obaramk.com\/en\/#website\",\"url\":\"https:\/\/obaramk.com\/en\/\",\"name\":\"Obara Marketer\",\"description\":\"Just another WordPress site\",\"potentialAction\":[{\"@type\":\"SearchAction\",\"target\":{\"@type\":\"EntryPoint\",\"urlTemplate\":\"https:\/\/obaramk.com\/en\/?s={search_term_string}\"},\"query-input\":\"required name=search_term_string\"}],\"inLanguage\":\"en-US\"}]}<\/script>\n<!-- \/ Yoast SEO plugin. -->","yoast_head_json":{"title":"Collagen Skin + - Obara Marketer","robots":{"index":"index","follow":"follow","max-snippet":"max-snippet:-1","max-image-preview":"max-image-preview:large","max-video-preview":"max-video-preview:-1"},"canonical":"https:\/\/obaramk.com\/en\/product\/collagen-skin-plus\/","og_locale":"en_US","og_type":"article","og_title":"Collagen Skin + - Obara Marketer","og_description":"Registro INVIMA: RSA-0008387-2019 Es una bebida l\u00edquida concentrada a base de t\u00e9 que contiene col\u00e1geno hidrolizado, enriquecida con vitaminas A, B5 \u2013 B7 \u2013 B9 \u2013 B12, C, D, E, K, magnesio y \u00e1cido f\u00f3lico. El col\u00e1geno es una prote\u00edna importante que ayuda a mejorar nuestro bienestar y calidad de vida.","og_url":"https:\/\/obaramk.com\/en\/product\/collagen-skin-plus\/","og_site_name":"Obara Marketer","article_modified_time":"2022-12-12T11:47:43+00:00","og_image":[{"width":500,"height":500,"url":"https:\/\/obaramk.com\/wp-content\/uploads\/2018\/06\/z.png","type":"image\/png"}],"twitter_card":"summary_large_image","twitter_misc":{"Est. reading time":"1 minute"},"schema":{"@context":"https:\/\/schema.org","@graph":[{"@type":"WebPage","@id":"https:\/\/obaramk.com\/en\/product\/collagen-skin-plus\/","url":"https:\/\/obaramk.com\/en\/product\/collagen-skin-plus\/","name":"Collagen Skin + - Obara Marketer","isPartOf":{"@id":"https:\/\/obaramk.com\/en\/#website"},"primaryImageOfPage":{"@id":"https:\/\/obaramk.com\/en\/product\/collagen-skin-plus\/#primaryimage"},"image":{"@id":"https:\/\/obaramk.com\/en\/product\/collagen-skin-plus\/#primaryimage"},"thumbnailUrl":"https:\/\/obaramk.com\/wp-content\/uploads\/2018\/06\/z.png","datePublished":"2018-06-18T03:25:54+00:00","dateModified":"2022-12-12T11:47:43+00:00","breadcrumb":{"@id":"https:\/\/obaramk.com\/en\/product\/collagen-skin-plus\/#breadcrumb"},"inLanguage":"en-US","potentialAction":[{"@type":"ReadAction","target":["https:\/\/obaramk.com\/en\/product\/collagen-skin-plus\/"]}]},{"@type":"ImageObject","inLanguage":"en-US","@id":"https:\/\/obaramk.com\/en\/product\/collagen-skin-plus\/#primaryimage","url":"https:\/\/obaramk.com\/wp-content\/uploads\/2018\/06\/z.png","contentUrl":"https:\/\/obaramk.com\/wp-content\/uploads\/2018\/06\/z.png","width":500,"height":500},{"@type":"BreadcrumbList","@id":"https:\/\/obaramk.com\/en\/product\/collagen-skin-plus\/#breadcrumb","itemListElement":[{"@type":"ListItem","position":1,"name":"Home","item":"https:\/\/obaramk.com\/en\/"},{"@type":"ListItem","position":2,"name":"Shop","item":"https:\/\/obaramk.com\/en\/shop\/"},{"@type":"ListItem","position":3,"name":"Collagen Skin +"}]},{"@type":"WebSite","@id":"https:\/\/obaramk.com\/en\/#website","url":"https:\/\/obaramk.com\/en\/","name":"Obara Marketer","description":"Just another WordPress site","potentialAction":[{"@type":"SearchAction","target":{"@type":"EntryPoint","urlTemplate":"https:\/\/obaramk.com\/en\/?s={search_term_string}"},"query-input":"required name=search_term_string"}],"inLanguage":"en-US"}]}},"_links":{"self":[{"href":"https:\/\/obaramk.com\/en\/wp-json\/wp\/v2\/product\/2811"}],"collection":[{"href":"https:\/\/obaramk.com\/en\/wp-json\/wp\/v2\/product"}],"about":[{"href":"https:\/\/obaramk.com\/en\/wp-json\/wp\/v2\/types\/product"}],"replies":[{"embeddable":true,"href":"https:\/\/obaramk.com\/en\/wp-json\/wp\/v2\/comments?post=2811"}],"wp:featuredmedia":[{"embeddable":true,"href":"https:\/\/obaramk.com\/en\/wp-json\/wp\/v2\/media\/4009"}],"wp:attachment":[{"href":"https:\/\/obaramk.com\/en\/wp-json\/wp\/v2\/media?parent=2811"}],"wp:term":[{"taxonomy":"product_cat","embeddable":true,"href":"https:\/\/obaramk.com\/en\/wp-json\/wp\/v2\/product_cat?post=2811"},{"taxonomy":"product_tag","embeddable":true,"href":"https:\/\/obaramk.com\/en\/wp-json\/wp\/v2\/product_tag?post=2811"}],"curies":[{"name":"wp","href":"https:\/\/api.w.org\/{rel}","templated":true}]}}