{"id":2869,"date":"2019-06-30T19:59:31","date_gmt":"2019-06-30T19:59:31","guid":{"rendered":"http:\/\/7uptheme.com\/wordpress\/fruitshop\/?post_type=product&#038;p=2869"},"modified":"2022-11-06T17:19:14","modified_gmt":"2022-11-06T17:19:14","slug":"collagen-clg-sport-plus","status":"publish","type":"product","link":"https:\/\/obaramk.com\/en\/product\/collagen-clg-sport-plus\/","title":{"rendered":"Collagen CLG Sport +"},"content":{"rendered":"<p><span data-sheets-value=\"{&quot;1&quot;:2,&quot;2&quot;:&quot;Es una bebida liquida concentrada a base de t\u00e9 de jengibre que contiene col\u00e1geno hidrolizado, enriquecida con BCAA, Creatinina, Magnesio y Zinc. El col\u00e1geno es el responsable de la estructura de los huesos, as\u00ed como de todos los elementos que intervienen en las articulaciones (cart\u00edlagos, ligamentos y tendones). As\u00ed pues, tomar bebidas con col\u00e1geno es clave y m\u00e1s si se practica alg\u00fan tipo de ejercicio f\u00edsico o deporte en forma asidua, ya que ayudar\u00e1 a que se mantengan bien las articulaciones y a prevenir y tratar lesiones. El ejercicio f\u00edsico se basa en la repetici\u00f3n continuada de ciertos movimientos. Si a esto le sumamos intensidad, nuestros niveles de col\u00e1geno se ver\u00e1n afectados, aumentando los riesgos de lesiones, tanto articulares como musculares.\\n\\n\u00bfPor qu\u00e9 tomar esta bebida?\\nel col\u00e1geno es fundamental tanto para nuestra actividad cotidiana como para nuestra actividad deportiva. A continuaci\u00f3n, indicaremos algunos beneficios de ingerir esta bebida con col\u00e1geno en combinaci\u00f3n con BCAA que afectan de forma directa a nuestro rendimiento deportivo:\\n-Influye determinantemente en la reducci\u00f3n de los dolores articulares y musculares post-entrenamiento\\n-Ayuda de forma clara a mitigar la inflamaci\u00f3n de las articulaciones.\\n-Protege nuestra masa \u00f3sea manteniendo la densidad de nuestros huesos y reduciendo, por tanto, el riesgo de rotura.\\n-En caso de sufrir heridas o quemaduras por accidentes, el col\u00e1geno facilita una mejor cicatrizaci\u00f3n y reparaci\u00f3n de los tejidos da\u00f1ados.\\n-Mejora la resistencia y fortaleza de nuestras articulaciones, tendones y ligamentos.\\n-Mejora el rendimiento en actividades aer\u00f3bicas y anaer\u00f3bicas\\n-Previene la perdida muscular y debilidad \u00f3sea\\n-Mejora el estado de \u00e1nimo en casos de fatiga mental por falta de sue\u00f1o y reduce s\u00edntomas de depresi\u00f3n.\\n\\nContraindicaciones:\\nAlergia a la prote\u00edna animal, mujeres en embarazo, menores de 17 a\u00f1os, personas que no realicen actividad f\u00edsica frecuente o regularmente porque podr\u00eda presentar alteraciones en sistema circulatorio\\nEn caso de reacci\u00f3n adversa, suspenda el suplemento y consulte a su m\u00e9dico&quot;}\" data-sheets-userformat=\"{&quot;2&quot;:33569215,&quot;3&quot;:{&quot;1&quot;:0,&quot;3&quot;:1},&quot;4&quot;:[null,2,13434828],&quot;5&quot;:{&quot;1&quot;:[{&quot;1&quot;:2,&quot;2&quot;:0,&quot;5&quot;:[null,2,0]},{&quot;1&quot;:0,&quot;2&quot;:0,&quot;3&quot;:3},{&quot;1&quot;:1,&quot;2&quot;:0,&quot;4&quot;:1}]},&quot;6&quot;:{&quot;1&quot;:[{&quot;1&quot;:2,&quot;2&quot;:0,&quot;5&quot;:[null,2,0]},{&quot;1&quot;:0,&quot;2&quot;:0,&quot;3&quot;:3},{&quot;1&quot;:1,&quot;2&quot;:0,&quot;4&quot;:1}]},&quot;7&quot;:{&quot;1&quot;:[{&quot;1&quot;:2,&quot;2&quot;:0,&quot;5&quot;:[null,2,0]},{&quot;1&quot;:0,&quot;2&quot;:0,&quot;3&quot;:3},{&quot;1&quot;:1,&quot;2&quot;:0,&quot;4&quot;:1}]},&quot;8&quot;:{&quot;1&quot;:[{&quot;1&quot;:2,&quot;2&quot;:0,&quot;5&quot;:[null,2,0]},{&quot;1&quot;:0,&quot;2&quot;:0,&quot;3&quot;:3},{&quot;1&quot;:1,&quot;2&quot;:0,&quot;4&quot;:1}]},&quot;10&quot;:0,&quot;11&quot;:4,&quot;14&quot;:[null,2,0],&quot;15&quot;:&quot;Roboto&quot;,&quot;16&quot;:11,&quot;28&quot;:1}\">\u00bfPor qu\u00e9 tomar esta bebida?<br \/>\nel col\u00e1geno es fundamental tanto para nuestra actividad cotidiana como para nuestra actividad deportiva. A continuaci\u00f3n, indicaremos algunos beneficios de ingerir esta bebida con col\u00e1geno en combinaci\u00f3n con BCAA que afectan de forma directa a nuestro rendimiento deportivo:<br \/>\n-Influye determinantemente en la reducci\u00f3n de los dolores articulares y musculares post-entrenamiento<br \/>\n-Ayuda de forma clara a mitigar la inflamaci\u00f3n de las articulaciones.<br \/>\n-Protege nuestra masa \u00f3sea manteniendo la densidad de nuestros huesos y reduciendo, por tanto, el riesgo de rotura.<br \/>\n-En caso de sufrir heridas o quemaduras por accidentes, el col\u00e1geno facilita una mejor cicatrizaci\u00f3n y reparaci\u00f3n de los tejidos da\u00f1ados.<br \/>\n-Mejora la resistencia y fortaleza de nuestras articulaciones, tendones y ligamentos.<br \/>\n-Mejora el rendimiento en actividades aer\u00f3bicas y anaer\u00f3bicas.<br \/>\n-Previene la perdida muscular y debilidad \u00f3sea.<br \/>\n-Mejora el estado de \u00e1nimo en casos de fatiga mental por falta de sue\u00f1o y reduce s\u00edntomas de depresi\u00f3n.<\/span><\/p>\n<p>Contraindicaciones:<br \/>\nAlergia a la prote\u00edna animal, mujeres en embarazo, menores de 17 a\u00f1os, personas que no realicen actividad f\u00edsica frecuente o regularmente porque podr\u00eda presentar alteraciones en sistema circulatorio. En caso de reacci\u00f3n adversa, suspenda el suplemento y consulte a su m\u00e9dico.<\/p>\n<p>&nbsp;<\/p>\n<p>&nbsp;<\/p>\n","protected":false},"excerpt":{"rendered":"<p>Registro INVIMA: RSA-0008387-2019<br \/>\n<span data-sheets-value=\"{&quot;1&quot;:2,&quot;2&quot;:&quot;Es una bebida liquida concentrada a base de t\u00e9 de jengibre que contiene col\u00e1geno hidrolizado, enriquecida con BCAA, Creatinina, Magnesio y Zinc. El col\u00e1geno es el responsable de la estructura de los huesos, as\u00ed como de todos los elementos que intervienen en las articulaciones (cart\u00edlagos, ligamentos y tendones). As\u00ed pues, tomar bebidas con col\u00e1geno es clave y m\u00e1s si se practica alg\u00fan tipo de ejercicio f\u00edsico o deporte en forma asidua, ya que ayudar\u00e1 a que se mantengan bien las articulaciones y a prevenir y tratar lesiones. El ejercicio f\u00edsico se basa en la repetici\u00f3n continuada de ciertos movimientos. Si a esto le sumamos intensidad, nuestros niveles de col\u00e1geno se ver\u00e1n afectados, aumentando los riesgos de lesiones, tanto articulares como musculares.\\n\\n\u00bfPor qu\u00e9 tomar esta bebida?\\nel col\u00e1geno es fundamental tanto para nuestra actividad cotidiana como para nuestra actividad deportiva. A continuaci\u00f3n, indicaremos algunos beneficios de ingerir esta bebida con col\u00e1geno en combinaci\u00f3n con BCAA que afectan de forma directa a nuestro rendimiento deportivo:\\n-Influye determinantemente en la reducci\u00f3n de los dolores articulares y musculares post-entrenamiento\\n-Ayuda de forma clara a mitigar la inflamaci\u00f3n de las articulaciones.\\n-Protege nuestra masa \u00f3sea manteniendo la densidad de nuestros huesos y reduciendo, por tanto, el riesgo de rotura.\\n-En caso de sufrir heridas o quemaduras por accidentes, el col\u00e1geno facilita una mejor cicatrizaci\u00f3n y reparaci\u00f3n de los tejidos da\u00f1ados.\\n-Mejora la resistencia y fortaleza de nuestras articulaciones, tendones y ligamentos.\\n-Mejora el rendimiento en actividades aer\u00f3bicas y anaer\u00f3bicas\\n-Previene la perdida muscular y debilidad \u00f3sea\\n-Mejora el estado de \u00e1nimo en casos de fatiga mental por falta de sue\u00f1o y reduce s\u00edntomas de depresi\u00f3n.\\n\\nContraindicaciones:\\nAlergia a la prote\u00edna animal, mujeres en embarazo, menores de 17 a\u00f1os, personas que no realicen actividad f\u00edsica frecuente o regularmente porque podr\u00eda presentar alteraciones en sistema circulatorio\\nEn caso de reacci\u00f3n adversa, suspenda el suplemento y consulte a su m\u00e9dico&quot;}\" data-sheets-userformat=\"{&quot;2&quot;:33569215,&quot;3&quot;:{&quot;1&quot;:0,&quot;3&quot;:1},&quot;4&quot;:[null,2,13434828],&quot;5&quot;:{&quot;1&quot;:[{&quot;1&quot;:2,&quot;2&quot;:0,&quot;5&quot;:[null,2,0]},{&quot;1&quot;:0,&quot;2&quot;:0,&quot;3&quot;:3},{&quot;1&quot;:1,&quot;2&quot;:0,&quot;4&quot;:1}]},&quot;6&quot;:{&quot;1&quot;:[{&quot;1&quot;:2,&quot;2&quot;:0,&quot;5&quot;:[null,2,0]},{&quot;1&quot;:0,&quot;2&quot;:0,&quot;3&quot;:3},{&quot;1&quot;:1,&quot;2&quot;:0,&quot;4&quot;:1}]},&quot;7&quot;:{&quot;1&quot;:[{&quot;1&quot;:2,&quot;2&quot;:0,&quot;5&quot;:[null,2,0]},{&quot;1&quot;:0,&quot;2&quot;:0,&quot;3&quot;:3},{&quot;1&quot;:1,&quot;2&quot;:0,&quot;4&quot;:1}]},&quot;8&quot;:{&quot;1&quot;:[{&quot;1&quot;:2,&quot;2&quot;:0,&quot;5&quot;:[null,2,0]},{&quot;1&quot;:0,&quot;2&quot;:0,&quot;3&quot;:3},{&quot;1&quot;:1,&quot;2&quot;:0,&quot;4&quot;:1}]},&quot;10&quot;:0,&quot;11&quot;:4,&quot;14&quot;:[null,2,0],&quot;15&quot;:&quot;Roboto&quot;,&quot;16&quot;:11,&quot;28&quot;:1}\">Es una bebida l\u00edquida concentrada a base de t\u00e9 de jengibre que contiene col\u00e1geno hidrolizado, enriquecida con BCAA, creatinina, magnesio y zinc. El col\u00e1geno es el responsable de la estructura de los huesos, as\u00ed como de todos los elementos que intervienen en las articulaciones (cart\u00edlagos, ligamentos y tendones). As\u00ed pues, tomar bebidas con col\u00e1geno es clave y m\u00e1s si se practica alg\u00fan tipo de ejercicio f\u00edsico o deporte en forma asidua, ya que ayudar\u00e1 a que se mantengan bien las articulaciones y a prevenir y tratar lesiones. El ejercicio f\u00edsico se basa en la repetici\u00f3n continuada de ciertos movimientos, si a esto le sumamos intensidad, nuestros niveles de col\u00e1geno se ver\u00e1n afectados aumentando los riesgos de lesiones, tanto articulares como musculares.<\/span><\/p>\n<p>&nbsp;<\/p>\n<p>&nbsp;<\/p>\n<p>&nbsp;<\/p>\n","protected":false},"featured_media":4025,"comment_status":"open","ping_status":"closed","template":"","meta":{"_exactmetrics_skip_tracking":false,"_exactmetrics_sitenote_active":false,"_exactmetrics_sitenote_note":"","_exactmetrics_sitenote_category":0},"product_cat":[126,15,70],"product_tag":[50],"yoast_head":"<!-- This site is optimized with the Yoast SEO plugin v22.3 - https:\/\/yoast.com\/wordpress\/plugins\/seo\/ -->\n<title>Collagen CLG Sport + - Obara Marketer<\/title>\n<meta name=\"robots\" content=\"index, follow, max-snippet:-1, max-image-preview:large, max-video-preview:-1\" \/>\n<link rel=\"canonical\" href=\"https:\/\/obaramk.com\/en\/product\/collagen-clg-sport-plus\/\" \/>\n<meta property=\"og:locale\" content=\"en_US\" \/>\n<meta property=\"og:type\" content=\"article\" \/>\n<meta property=\"og:title\" content=\"Collagen CLG Sport + - Obara Marketer\" \/>\n<meta property=\"og:description\" content=\"Registro INVIMA: RSA-0008387-2019 Es una bebida l\u00edquida concentrada a base de t\u00e9 de jengibre que contiene col\u00e1geno hidrolizado, enriquecida con BCAA, creatinina, magnesio y zinc. El col\u00e1geno es el responsable de la estructura de los huesos, as\u00ed como de todos los elementos que intervienen en las articulaciones (cart\u00edlagos, ligamentos y tendones). As\u00ed pues, tomar bebidas con col\u00e1geno es clave y m\u00e1s si se practica alg\u00fan tipo de ejercicio f\u00edsico o deporte en forma asidua, ya que ayudar\u00e1 a que se mantengan bien las articulaciones y a prevenir y tratar lesiones. El ejercicio f\u00edsico se basa en la repetici\u00f3n continuada de ciertos movimientos, si a esto le sumamos intensidad, nuestros niveles de col\u00e1geno se ver\u00e1n afectados aumentando los riesgos de lesiones, tanto articulares como musculares.  &nbsp;  &nbsp;  &nbsp;\" \/>\n<meta property=\"og:url\" content=\"https:\/\/obaramk.com\/en\/product\/collagen-clg-sport-plus\/\" \/>\n<meta property=\"og:site_name\" content=\"Obara Marketer\" \/>\n<meta property=\"article:modified_time\" content=\"2022-11-06T17:19:14+00:00\" \/>\n<meta property=\"og:image\" content=\"https:\/\/obaramk.com\/wp-content\/uploads\/2019\/06\/y.png\" \/>\n\t<meta property=\"og:image:width\" content=\"500\" \/>\n\t<meta property=\"og:image:height\" content=\"500\" \/>\n\t<meta property=\"og:image:type\" content=\"image\/png\" \/>\n<meta name=\"twitter:card\" content=\"summary_large_image\" \/>\n<meta name=\"twitter:label1\" content=\"Est. reading time\" \/>\n\t<meta name=\"twitter:data1\" content=\"1 minute\" \/>\n<script type=\"application\/ld+json\" class=\"yoast-schema-graph\">{\"@context\":\"https:\/\/schema.org\",\"@graph\":[{\"@type\":\"WebPage\",\"@id\":\"https:\/\/obaramk.com\/en\/product\/collagen-clg-sport-plus\/\",\"url\":\"https:\/\/obaramk.com\/en\/product\/collagen-clg-sport-plus\/\",\"name\":\"Collagen CLG Sport + - Obara Marketer\",\"isPartOf\":{\"@id\":\"https:\/\/obaramk.com\/en\/#website\"},\"primaryImageOfPage\":{\"@id\":\"https:\/\/obaramk.com\/en\/product\/collagen-clg-sport-plus\/#primaryimage\"},\"image\":{\"@id\":\"https:\/\/obaramk.com\/en\/product\/collagen-clg-sport-plus\/#primaryimage\"},\"thumbnailUrl\":\"https:\/\/obaramk.com\/wp-content\/uploads\/2019\/06\/y.png\",\"datePublished\":\"2019-06-30T19:59:31+00:00\",\"dateModified\":\"2022-11-06T17:19:14+00:00\",\"breadcrumb\":{\"@id\":\"https:\/\/obaramk.com\/en\/product\/collagen-clg-sport-plus\/#breadcrumb\"},\"inLanguage\":\"en-US\",\"potentialAction\":[{\"@type\":\"ReadAction\",\"target\":[\"https:\/\/obaramk.com\/en\/product\/collagen-clg-sport-plus\/\"]}]},{\"@type\":\"ImageObject\",\"inLanguage\":\"en-US\",\"@id\":\"https:\/\/obaramk.com\/en\/product\/collagen-clg-sport-plus\/#primaryimage\",\"url\":\"https:\/\/obaramk.com\/wp-content\/uploads\/2019\/06\/y.png\",\"contentUrl\":\"https:\/\/obaramk.com\/wp-content\/uploads\/2019\/06\/y.png\",\"width\":500,\"height\":500},{\"@type\":\"BreadcrumbList\",\"@id\":\"https:\/\/obaramk.com\/en\/product\/collagen-clg-sport-plus\/#breadcrumb\",\"itemListElement\":[{\"@type\":\"ListItem\",\"position\":1,\"name\":\"Home\",\"item\":\"https:\/\/obaramk.com\/en\/\"},{\"@type\":\"ListItem\",\"position\":2,\"name\":\"Shop\",\"item\":\"https:\/\/obaramk.com\/en\/shop\/\"},{\"@type\":\"ListItem\",\"position\":3,\"name\":\"Collagen CLG Sport +\"}]},{\"@type\":\"WebSite\",\"@id\":\"https:\/\/obaramk.com\/en\/#website\",\"url\":\"https:\/\/obaramk.com\/en\/\",\"name\":\"Obara Marketer\",\"description\":\"Just another WordPress site\",\"potentialAction\":[{\"@type\":\"SearchAction\",\"target\":{\"@type\":\"EntryPoint\",\"urlTemplate\":\"https:\/\/obaramk.com\/en\/?s={search_term_string}\"},\"query-input\":\"required name=search_term_string\"}],\"inLanguage\":\"en-US\"}]}<\/script>\n<!-- \/ Yoast SEO plugin. -->","yoast_head_json":{"title":"Collagen CLG Sport + - Obara Marketer","robots":{"index":"index","follow":"follow","max-snippet":"max-snippet:-1","max-image-preview":"max-image-preview:large","max-video-preview":"max-video-preview:-1"},"canonical":"https:\/\/obaramk.com\/en\/product\/collagen-clg-sport-plus\/","og_locale":"en_US","og_type":"article","og_title":"Collagen CLG Sport + - Obara Marketer","og_description":"Registro INVIMA: RSA-0008387-2019 Es una bebida l\u00edquida concentrada a base de t\u00e9 de jengibre que contiene col\u00e1geno hidrolizado, enriquecida con BCAA, creatinina, magnesio y zinc. El col\u00e1geno es el responsable de la estructura de los huesos, as\u00ed como de todos los elementos que intervienen en las articulaciones (cart\u00edlagos, ligamentos y tendones). As\u00ed pues, tomar bebidas con col\u00e1geno es clave y m\u00e1s si se practica alg\u00fan tipo de ejercicio f\u00edsico o deporte en forma asidua, ya que ayudar\u00e1 a que se mantengan bien las articulaciones y a prevenir y tratar lesiones. El ejercicio f\u00edsico se basa en la repetici\u00f3n continuada de ciertos movimientos, si a esto le sumamos intensidad, nuestros niveles de col\u00e1geno se ver\u00e1n afectados aumentando los riesgos de lesiones, tanto articulares como musculares.  &nbsp;  &nbsp;  &nbsp;","og_url":"https:\/\/obaramk.com\/en\/product\/collagen-clg-sport-plus\/","og_site_name":"Obara Marketer","article_modified_time":"2022-11-06T17:19:14+00:00","og_image":[{"width":500,"height":500,"url":"https:\/\/obaramk.com\/wp-content\/uploads\/2019\/06\/y.png","type":"image\/png"}],"twitter_card":"summary_large_image","twitter_misc":{"Est. reading time":"1 minute"},"schema":{"@context":"https:\/\/schema.org","@graph":[{"@type":"WebPage","@id":"https:\/\/obaramk.com\/en\/product\/collagen-clg-sport-plus\/","url":"https:\/\/obaramk.com\/en\/product\/collagen-clg-sport-plus\/","name":"Collagen CLG Sport + - Obara Marketer","isPartOf":{"@id":"https:\/\/obaramk.com\/en\/#website"},"primaryImageOfPage":{"@id":"https:\/\/obaramk.com\/en\/product\/collagen-clg-sport-plus\/#primaryimage"},"image":{"@id":"https:\/\/obaramk.com\/en\/product\/collagen-clg-sport-plus\/#primaryimage"},"thumbnailUrl":"https:\/\/obaramk.com\/wp-content\/uploads\/2019\/06\/y.png","datePublished":"2019-06-30T19:59:31+00:00","dateModified":"2022-11-06T17:19:14+00:00","breadcrumb":{"@id":"https:\/\/obaramk.com\/en\/product\/collagen-clg-sport-plus\/#breadcrumb"},"inLanguage":"en-US","potentialAction":[{"@type":"ReadAction","target":["https:\/\/obaramk.com\/en\/product\/collagen-clg-sport-plus\/"]}]},{"@type":"ImageObject","inLanguage":"en-US","@id":"https:\/\/obaramk.com\/en\/product\/collagen-clg-sport-plus\/#primaryimage","url":"https:\/\/obaramk.com\/wp-content\/uploads\/2019\/06\/y.png","contentUrl":"https:\/\/obaramk.com\/wp-content\/uploads\/2019\/06\/y.png","width":500,"height":500},{"@type":"BreadcrumbList","@id":"https:\/\/obaramk.com\/en\/product\/collagen-clg-sport-plus\/#breadcrumb","itemListElement":[{"@type":"ListItem","position":1,"name":"Home","item":"https:\/\/obaramk.com\/en\/"},{"@type":"ListItem","position":2,"name":"Shop","item":"https:\/\/obaramk.com\/en\/shop\/"},{"@type":"ListItem","position":3,"name":"Collagen CLG Sport +"}]},{"@type":"WebSite","@id":"https:\/\/obaramk.com\/en\/#website","url":"https:\/\/obaramk.com\/en\/","name":"Obara Marketer","description":"Just another WordPress site","potentialAction":[{"@type":"SearchAction","target":{"@type":"EntryPoint","urlTemplate":"https:\/\/obaramk.com\/en\/?s={search_term_string}"},"query-input":"required name=search_term_string"}],"inLanguage":"en-US"}]}},"_links":{"self":[{"href":"https:\/\/obaramk.com\/en\/wp-json\/wp\/v2\/product\/2869"}],"collection":[{"href":"https:\/\/obaramk.com\/en\/wp-json\/wp\/v2\/product"}],"about":[{"href":"https:\/\/obaramk.com\/en\/wp-json\/wp\/v2\/types\/product"}],"replies":[{"embeddable":true,"href":"https:\/\/obaramk.com\/en\/wp-json\/wp\/v2\/comments?post=2869"}],"wp:featuredmedia":[{"embeddable":true,"href":"https:\/\/obaramk.com\/en\/wp-json\/wp\/v2\/media\/4025"}],"wp:attachment":[{"href":"https:\/\/obaramk.com\/en\/wp-json\/wp\/v2\/media?parent=2869"}],"wp:term":[{"taxonomy":"product_cat","embeddable":true,"href":"https:\/\/obaramk.com\/en\/wp-json\/wp\/v2\/product_cat?post=2869"},{"taxonomy":"product_tag","embeddable":true,"href":"https:\/\/obaramk.com\/en\/wp-json\/wp\/v2\/product_tag?post=2869"}],"curies":[{"name":"wp","href":"https:\/\/api.w.org\/{rel}","templated":true}]}}