{"id":3590,"date":"2019-07-20T18:43:16","date_gmt":"2019-07-20T18:43:16","guid":{"rendered":"https:\/\/obaramk.com\/?post_type=product&#038;p=3590"},"modified":"2020-11-05T05:54:07","modified_gmt":"2020-11-05T05:54:07","slug":"collagen-clg-silver-plus-vial","status":"publish","type":"product","link":"https:\/\/obaramk.com\/en\/product\/collagen-clg-silver-plus-vial\/","title":{"rendered":"Collagen CLG Silver + Vial"},"content":{"rendered":"<p><span data-sheets-value=\"{&quot;1&quot;:2,&quot;2&quot;:&quot;La falta de col\u00e1geno en el organismo tiene muchas consecuencias para las personas mayores: la aparici\u00f3n de enfermedades de fragilidad \u00f3sea como la osteoporosis, el dolor articular, cansancio cronico, la p\u00e9rdida de pelo\u2026 Tomar una bebida con col\u00e1geno puede ayudar a prevenir o reducir esas consecuencias. La vitamina D es vital para la fijaci\u00f3n del Calcio en lo huesos, por lo tanto, si hay d\u00e9ficit de ella, aunque exista una buena ingesta diaria de Calcio, aumenta el riesgo de desarrollar osteoporosis, lo que favorece las fracturas y ca\u00eddasnn\u00bfPor qu\u00e9 tomar esta bebida?nLa edad provoca ya de por si una reducci\u00f3n de los niveles de col\u00e1geno. Se estima que aproximadamente se pierde un 1,5% de nuestro col\u00e1geno por esta circunstancia a partir de los 20-30 a\u00f1os, aceler\u00e1ndose a partir de los 45 a\u00f1os. Esta p\u00e9rdida de col\u00e1geno se asocia a partir de ciertas edades a problemas articulares (artrosis), a problemas \u00f3seos (osteoporosis) y al envejecimiento de la piel entre otras alteraciones f\u00edsicas.n-Ayuda a prevenir la aparici\u00f3n de la osteoporosis y la fragilidad \u00f3sean-Reduce el dolor articularn-Mejora la salud de la piel n-Ayuda a fortalecer el pelo, las u\u00f1asn-Ayuda en la asimilaci\u00f3n del Calcion-Disminuye el riesgo de p\u00e9rdida de memoria, disminuci\u00f3n de la visi\u00f3n, p\u00e9rdida auditivan-Ayuda a la prevenci\u00f3n y riesgo de enfermedades cardiovasculares, por la disminuci\u00f3n de triglic\u00e9ridos y colesterol en la sangre.n-Ayuda a reducci\u00f3n de la rigidez a corto plazo de la artritis reumatoide, as\u00ed como el dolor e inflaci\u00f3n en las articulaciones a largo plazo.nnContraindicaciones:nAlergia a la prote\u00edna animal, personas con antecedentes de cardiopat\u00eda, Anemia causada por carencia de vitamina B12, La ingesta de suplementos de \u00e1cido f\u00f3lico podr\u00eda empeorar las convulsiones en personas con trastornos convulsivos particularmente en altas dosis.nEn caso de reacci\u00f3n adversa, suspenda el suplemento y consulte a su m\u00e9dico&quot;}\" data-sheets-userformat=\"{&quot;2&quot;:33569215,&quot;3&quot;:{&quot;1&quot;:0,&quot;3&quot;:1},&quot;4&quot;:[null,2,13434828],&quot;5&quot;:{&quot;1&quot;:[{&quot;1&quot;:2,&quot;2&quot;:0,&quot;5&quot;:[null,2,0]},{&quot;1&quot;:0,&quot;2&quot;:0,&quot;3&quot;:3},{&quot;1&quot;:1,&quot;2&quot;:0,&quot;4&quot;:1}]},&quot;6&quot;:{&quot;1&quot;:[{&quot;1&quot;:2,&quot;2&quot;:0,&quot;5&quot;:[null,2,0]},{&quot;1&quot;:0,&quot;2&quot;:0,&quot;3&quot;:3},{&quot;1&quot;:1,&quot;2&quot;:0,&quot;4&quot;:1}]},&quot;7&quot;:{&quot;1&quot;:[{&quot;1&quot;:2,&quot;2&quot;:0,&quot;5&quot;:[null,2,0]},{&quot;1&quot;:0,&quot;2&quot;:0,&quot;3&quot;:3},{&quot;1&quot;:1,&quot;2&quot;:0,&quot;4&quot;:1}]},&quot;8&quot;:{&quot;1&quot;:[{&quot;1&quot;:2,&quot;2&quot;:0,&quot;5&quot;:[null,2,0]},{&quot;1&quot;:0,&quot;2&quot;:0,&quot;3&quot;:3},{&quot;1&quot;:1,&quot;2&quot;:0,&quot;4&quot;:1}]},&quot;10&quot;:0,&quot;11&quot;:4,&quot;14&quot;:[null,2,0],&quot;15&quot;:&quot;Roboto&quot;,&quot;16&quot;:11,&quot;28&quot;:1}\">\u00bfPor qu\u00e9 tomar esta bebida?<br \/>\nLa edad provoca ya de por si una reducci\u00f3n de los niveles de col\u00e1geno. Se estima que aproximadamente se pierde un 1,5% de nuestro col\u00e1geno por esta circunstancia a partir de los 20-30 a\u00f1os, aceler\u00e1ndose a partir de los 45 a\u00f1os. Esta p\u00e9rdida de col\u00e1geno se asocia a partir de ciertas edades a problemas articulares (artrosis), a problemas \u00f3seos (osteoporosis) y al envejecimiento de la piel entre otras alteraciones f\u00edsicas.<br \/>\n-Ayuda a prevenir la aparici\u00f3n de la osteoporosis y la fragilidad \u00f3sea.<br \/>\n-Reduce el dolor articular.<br \/>\n-Mejora la salud de la piel.<br \/>\n-Ayuda a fortalecer el pelo, las u\u00f1as.<br \/>\n-Ayuda en la asimilaci\u00f3n del Calcio.<br \/>\n-Disminuye el riesgo de p\u00e9rdida de memoria, disminuci\u00f3n de la visi\u00f3n, p\u00e9rdida auditiva.<br \/>\n-Ayuda a la prevenci\u00f3n y riesgo de enfermedades cardiovasculares, por la disminuci\u00f3n de triglic\u00e9ridos y colesterol en la sangre.<br \/>\n-Ayuda a reducci\u00f3n de la rigidez a corto plazo de la artritis reumatoide, as\u00ed como el dolor e inflaci\u00f3n en las articulaciones a largo plazo.<\/span><\/p>\n<p>Contraindicaciones:<br \/>\nAlergia a la prote\u00edna animal, personas con antecedentes de cardiopat\u00eda, anemia causada por carencia de vitamina B12, la ingesta de suplementos de \u00e1cido f\u00f3lico podr\u00eda empeorar las convulsiones en personas con trastornos convulsivos particularmente en altas dosis. En caso de reacci\u00f3n adversa, suspenda el suplemento y consulte a su m\u00e9dico.<\/p>\n","protected":false},"excerpt":{"rendered":"<p>Registro INVIMA: RSA-0008387-2019<br \/>\n<span data-sheets-value=\"{&quot;1&quot;:2,&quot;2&quot;:&quot;La falta de col\u00e1geno en el organismo tiene muchas consecuencias para las personas mayores: la aparici\u00f3n de enfermedades de fragilidad \u00f3sea como la osteoporosis, el dolor articular, cansancio cronico, la p\u00e9rdida de pelo\u2026 Tomar una bebida con col\u00e1geno puede ayudar a prevenir o reducir esas consecuencias. La vitamina D es vital para la fijaci\u00f3n del Calcio en lo huesos, por lo tanto, si hay d\u00e9ficit de ella, aunque exista una buena ingesta diaria de Calcio, aumenta el riesgo de desarrollar osteoporosis, lo que favorece las fracturas y ca\u00eddasnn\u00bfPor qu\u00e9 tomar esta bebida?nLa edad provoca ya de por si una reducci\u00f3n de los niveles de col\u00e1geno. Se estima que aproximadamente se pierde un 1,5% de nuestro col\u00e1geno por esta circunstancia a partir de los 20-30 a\u00f1os, aceler\u00e1ndose a partir de los 45 a\u00f1os. Esta p\u00e9rdida de col\u00e1geno se asocia a partir de ciertas edades a problemas articulares (artrosis), a problemas \u00f3seos (osteoporosis) y al envejecimiento de la piel entre otras alteraciones f\u00edsicas.n-Ayuda a prevenir la aparici\u00f3n de la osteoporosis y la fragilidad \u00f3sean-Reduce el dolor articularn-Mejora la salud de la piel n-Ayuda a fortalecer el pelo, las u\u00f1asn-Ayuda en la asimilaci\u00f3n del Calcion-Disminuye el riesgo de p\u00e9rdida de memoria, disminuci\u00f3n de la visi\u00f3n, p\u00e9rdida auditivan-Ayuda a la prevenci\u00f3n y riesgo de enfermedades cardiovasculares, por la disminuci\u00f3n de triglic\u00e9ridos y colesterol en la sangre.n-Ayuda a reducci\u00f3n de la rigidez a corto plazo de la artritis reumatoide, as\u00ed como el dolor e inflaci\u00f3n en las articulaciones a largo plazo.nnContraindicaciones:nAlergia a la prote\u00edna animal, personas con antecedentes de cardiopat\u00eda, Anemia causada por carencia de vitamina B12, La ingesta de suplementos de \u00e1cido f\u00f3lico podr\u00eda empeorar las convulsiones en personas con trastornos convulsivos particularmente en altas dosis.nEn caso de reacci\u00f3n adversa, suspenda el suplemento y consulte a su m\u00e9dico&quot;}\" data-sheets-userformat=\"{&quot;2&quot;:33569215,&quot;3&quot;:{&quot;1&quot;:0,&quot;3&quot;:1},&quot;4&quot;:[null,2,13434828],&quot;5&quot;:{&quot;1&quot;:[{&quot;1&quot;:2,&quot;2&quot;:0,&quot;5&quot;:[null,2,0]},{&quot;1&quot;:0,&quot;2&quot;:0,&quot;3&quot;:3},{&quot;1&quot;:1,&quot;2&quot;:0,&quot;4&quot;:1}]},&quot;6&quot;:{&quot;1&quot;:[{&quot;1&quot;:2,&quot;2&quot;:0,&quot;5&quot;:[null,2,0]},{&quot;1&quot;:0,&quot;2&quot;:0,&quot;3&quot;:3},{&quot;1&quot;:1,&quot;2&quot;:0,&quot;4&quot;:1}]},&quot;7&quot;:{&quot;1&quot;:[{&quot;1&quot;:2,&quot;2&quot;:0,&quot;5&quot;:[null,2,0]},{&quot;1&quot;:0,&quot;2&quot;:0,&quot;3&quot;:3},{&quot;1&quot;:1,&quot;2&quot;:0,&quot;4&quot;:1}]},&quot;8&quot;:{&quot;1&quot;:[{&quot;1&quot;:2,&quot;2&quot;:0,&quot;5&quot;:[null,2,0]},{&quot;1&quot;:0,&quot;2&quot;:0,&quot;3&quot;:3},{&quot;1&quot;:1,&quot;2&quot;:0,&quot;4&quot;:1}]},&quot;10&quot;:0,&quot;11&quot;:4,&quot;14&quot;:[null,2,0],&quot;15&quot;:&quot;Roboto&quot;,&quot;16&quot;:11,&quot;28&quot;:1}\">La falta de col\u00e1geno en el organismo tiene muchas consecuencias para las personas mayores: la aparici\u00f3n de enfermedades de fragilidad \u00f3sea como la osteoporosis, el dolor articular, cansancio cronico, la p\u00e9rdida de pelo\u2026 Tomar una bebida con col\u00e1geno puede ayudar a prevenir o reducir esas consecuencias. La vitamina D es vital para la fijaci\u00f3n del Calcio en lo huesos, por lo tanto, si hay d\u00e9ficit de ella, aunque exista una buena ingesta diaria de Calcio, aumenta el riesgo de desarrollar osteoporosis, lo que favorece las fracturas y ca\u00eddas.<\/span><\/p>\n<p>&nbsp;<\/p>\n","protected":false},"featured_media":4016,"comment_status":"open","ping_status":"closed","template":"","meta":{"_exactmetrics_skip_tracking":false,"_exactmetrics_sitenote_active":false,"_exactmetrics_sitenote_note":"","_exactmetrics_sitenote_category":0},"product_cat":[122,117,15],"product_tag":[],"yoast_head":"<!-- This site is optimized with the Yoast SEO plugin v22.3 - https:\/\/yoast.com\/wordpress\/plugins\/seo\/ -->\n<title>Collagen CLG Silver + Vial - Obara Marketer<\/title>\n<meta name=\"robots\" content=\"index, follow, max-snippet:-1, max-image-preview:large, max-video-preview:-1\" \/>\n<link rel=\"canonical\" href=\"https:\/\/obaramk.com\/en\/product\/collagen-clg-silver-plus-vial\/\" \/>\n<meta property=\"og:locale\" content=\"en_US\" \/>\n<meta property=\"og:type\" content=\"article\" \/>\n<meta property=\"og:title\" content=\"Collagen CLG Silver + Vial - Obara Marketer\" \/>\n<meta property=\"og:description\" content=\"Registro INVIMA: RSA-0008387-2019 La falta de col\u00e1geno en el organismo tiene muchas consecuencias para las personas mayores: la aparici\u00f3n de enfermedades de fragilidad \u00f3sea como la osteoporosis, el dolor articular, cansancio cronico, la p\u00e9rdida de pelo\u2026 Tomar una bebida con col\u00e1geno puede ayudar a prevenir o reducir esas consecuencias. La vitamina D es vital para la fijaci\u00f3n del Calcio en lo huesos, por lo tanto, si hay d\u00e9ficit de ella, aunque exista una buena ingesta diaria de Calcio, aumenta el riesgo de desarrollar osteoporosis, lo que favorece las fracturas y ca\u00eddas.  &nbsp;\" \/>\n<meta property=\"og:url\" content=\"https:\/\/obaramk.com\/en\/product\/collagen-clg-silver-plus-vial\/\" \/>\n<meta property=\"og:site_name\" content=\"Obara Marketer\" \/>\n<meta property=\"article:modified_time\" content=\"2020-11-05T05:54:07+00:00\" \/>\n<meta property=\"og:image\" content=\"https:\/\/obaramk.com\/wp-content\/uploads\/2019\/07\/u.png\" \/>\n\t<meta property=\"og:image:width\" content=\"500\" \/>\n\t<meta property=\"og:image:height\" content=\"500\" \/>\n\t<meta property=\"og:image:type\" content=\"image\/png\" \/>\n<meta name=\"twitter:card\" content=\"summary_large_image\" \/>\n<meta name=\"twitter:label1\" content=\"Est. reading time\" \/>\n\t<meta name=\"twitter:data1\" content=\"1 minute\" \/>\n<script type=\"application\/ld+json\" class=\"yoast-schema-graph\">{\"@context\":\"https:\/\/schema.org\",\"@graph\":[{\"@type\":\"WebPage\",\"@id\":\"https:\/\/obaramk.com\/en\/product\/collagen-clg-silver-plus-vial\/\",\"url\":\"https:\/\/obaramk.com\/en\/product\/collagen-clg-silver-plus-vial\/\",\"name\":\"Collagen CLG Silver + Vial - Obara Marketer\",\"isPartOf\":{\"@id\":\"https:\/\/obaramk.com\/en\/#website\"},\"primaryImageOfPage\":{\"@id\":\"https:\/\/obaramk.com\/en\/product\/collagen-clg-silver-plus-vial\/#primaryimage\"},\"image\":{\"@id\":\"https:\/\/obaramk.com\/en\/product\/collagen-clg-silver-plus-vial\/#primaryimage\"},\"thumbnailUrl\":\"https:\/\/obaramk.com\/wp-content\/uploads\/2019\/07\/u.png\",\"datePublished\":\"2019-07-20T18:43:16+00:00\",\"dateModified\":\"2020-11-05T05:54:07+00:00\",\"breadcrumb\":{\"@id\":\"https:\/\/obaramk.com\/en\/product\/collagen-clg-silver-plus-vial\/#breadcrumb\"},\"inLanguage\":\"en-US\",\"potentialAction\":[{\"@type\":\"ReadAction\",\"target\":[\"https:\/\/obaramk.com\/en\/product\/collagen-clg-silver-plus-vial\/\"]}]},{\"@type\":\"ImageObject\",\"inLanguage\":\"en-US\",\"@id\":\"https:\/\/obaramk.com\/en\/product\/collagen-clg-silver-plus-vial\/#primaryimage\",\"url\":\"https:\/\/obaramk.com\/wp-content\/uploads\/2019\/07\/u.png\",\"contentUrl\":\"https:\/\/obaramk.com\/wp-content\/uploads\/2019\/07\/u.png\",\"width\":500,\"height\":500},{\"@type\":\"BreadcrumbList\",\"@id\":\"https:\/\/obaramk.com\/en\/product\/collagen-clg-silver-plus-vial\/#breadcrumb\",\"itemListElement\":[{\"@type\":\"ListItem\",\"position\":1,\"name\":\"Home\",\"item\":\"https:\/\/obaramk.com\/en\/\"},{\"@type\":\"ListItem\",\"position\":2,\"name\":\"Shop\",\"item\":\"https:\/\/obaramk.com\/en\/shop\/\"},{\"@type\":\"ListItem\",\"position\":3,\"name\":\"Collagen CLG Silver + Vial\"}]},{\"@type\":\"WebSite\",\"@id\":\"https:\/\/obaramk.com\/en\/#website\",\"url\":\"https:\/\/obaramk.com\/en\/\",\"name\":\"Obara Marketer\",\"description\":\"Just another WordPress site\",\"potentialAction\":[{\"@type\":\"SearchAction\",\"target\":{\"@type\":\"EntryPoint\",\"urlTemplate\":\"https:\/\/obaramk.com\/en\/?s={search_term_string}\"},\"query-input\":\"required name=search_term_string\"}],\"inLanguage\":\"en-US\"}]}<\/script>\n<!-- \/ Yoast SEO plugin. -->","yoast_head_json":{"title":"Collagen CLG Silver + Vial - Obara Marketer","robots":{"index":"index","follow":"follow","max-snippet":"max-snippet:-1","max-image-preview":"max-image-preview:large","max-video-preview":"max-video-preview:-1"},"canonical":"https:\/\/obaramk.com\/en\/product\/collagen-clg-silver-plus-vial\/","og_locale":"en_US","og_type":"article","og_title":"Collagen CLG Silver + Vial - Obara Marketer","og_description":"Registro INVIMA: RSA-0008387-2019 La falta de col\u00e1geno en el organismo tiene muchas consecuencias para las personas mayores: la aparici\u00f3n de enfermedades de fragilidad \u00f3sea como la osteoporosis, el dolor articular, cansancio cronico, la p\u00e9rdida de pelo\u2026 Tomar una bebida con col\u00e1geno puede ayudar a prevenir o reducir esas consecuencias. La vitamina D es vital para la fijaci\u00f3n del Calcio en lo huesos, por lo tanto, si hay d\u00e9ficit de ella, aunque exista una buena ingesta diaria de Calcio, aumenta el riesgo de desarrollar osteoporosis, lo que favorece las fracturas y ca\u00eddas.  &nbsp;","og_url":"https:\/\/obaramk.com\/en\/product\/collagen-clg-silver-plus-vial\/","og_site_name":"Obara Marketer","article_modified_time":"2020-11-05T05:54:07+00:00","og_image":[{"width":500,"height":500,"url":"https:\/\/obaramk.com\/wp-content\/uploads\/2019\/07\/u.png","type":"image\/png"}],"twitter_card":"summary_large_image","twitter_misc":{"Est. reading time":"1 minute"},"schema":{"@context":"https:\/\/schema.org","@graph":[{"@type":"WebPage","@id":"https:\/\/obaramk.com\/en\/product\/collagen-clg-silver-plus-vial\/","url":"https:\/\/obaramk.com\/en\/product\/collagen-clg-silver-plus-vial\/","name":"Collagen CLG Silver + Vial - Obara Marketer","isPartOf":{"@id":"https:\/\/obaramk.com\/en\/#website"},"primaryImageOfPage":{"@id":"https:\/\/obaramk.com\/en\/product\/collagen-clg-silver-plus-vial\/#primaryimage"},"image":{"@id":"https:\/\/obaramk.com\/en\/product\/collagen-clg-silver-plus-vial\/#primaryimage"},"thumbnailUrl":"https:\/\/obaramk.com\/wp-content\/uploads\/2019\/07\/u.png","datePublished":"2019-07-20T18:43:16+00:00","dateModified":"2020-11-05T05:54:07+00:00","breadcrumb":{"@id":"https:\/\/obaramk.com\/en\/product\/collagen-clg-silver-plus-vial\/#breadcrumb"},"inLanguage":"en-US","potentialAction":[{"@type":"ReadAction","target":["https:\/\/obaramk.com\/en\/product\/collagen-clg-silver-plus-vial\/"]}]},{"@type":"ImageObject","inLanguage":"en-US","@id":"https:\/\/obaramk.com\/en\/product\/collagen-clg-silver-plus-vial\/#primaryimage","url":"https:\/\/obaramk.com\/wp-content\/uploads\/2019\/07\/u.png","contentUrl":"https:\/\/obaramk.com\/wp-content\/uploads\/2019\/07\/u.png","width":500,"height":500},{"@type":"BreadcrumbList","@id":"https:\/\/obaramk.com\/en\/product\/collagen-clg-silver-plus-vial\/#breadcrumb","itemListElement":[{"@type":"ListItem","position":1,"name":"Home","item":"https:\/\/obaramk.com\/en\/"},{"@type":"ListItem","position":2,"name":"Shop","item":"https:\/\/obaramk.com\/en\/shop\/"},{"@type":"ListItem","position":3,"name":"Collagen CLG Silver + Vial"}]},{"@type":"WebSite","@id":"https:\/\/obaramk.com\/en\/#website","url":"https:\/\/obaramk.com\/en\/","name":"Obara Marketer","description":"Just another WordPress site","potentialAction":[{"@type":"SearchAction","target":{"@type":"EntryPoint","urlTemplate":"https:\/\/obaramk.com\/en\/?s={search_term_string}"},"query-input":"required name=search_term_string"}],"inLanguage":"en-US"}]}},"_links":{"self":[{"href":"https:\/\/obaramk.com\/en\/wp-json\/wp\/v2\/product\/3590"}],"collection":[{"href":"https:\/\/obaramk.com\/en\/wp-json\/wp\/v2\/product"}],"about":[{"href":"https:\/\/obaramk.com\/en\/wp-json\/wp\/v2\/types\/product"}],"replies":[{"embeddable":true,"href":"https:\/\/obaramk.com\/en\/wp-json\/wp\/v2\/comments?post=3590"}],"wp:featuredmedia":[{"embeddable":true,"href":"https:\/\/obaramk.com\/en\/wp-json\/wp\/v2\/media\/4016"}],"wp:attachment":[{"href":"https:\/\/obaramk.com\/en\/wp-json\/wp\/v2\/media?parent=3590"}],"wp:term":[{"taxonomy":"product_cat","embeddable":true,"href":"https:\/\/obaramk.com\/en\/wp-json\/wp\/v2\/product_cat?post=3590"},{"taxonomy":"product_tag","embeddable":true,"href":"https:\/\/obaramk.com\/en\/wp-json\/wp\/v2\/product_tag?post=3590"}],"curies":[{"name":"wp","href":"https:\/\/api.w.org\/{rel}","templated":true}]}}