{"id":3592,"date":"2019-07-20T20:20:24","date_gmt":"2019-07-20T20:20:24","guid":{"rendered":"https:\/\/obaramk.com\/?post_type=product&#038;p=3592"},"modified":"2021-01-05T10:25:53","modified_gmt":"2021-01-05T10:25:53","slug":"energizing-king-k-sck-vial","status":"publish","type":"product","link":"https:\/\/obaramk.com\/en\/product\/energizing-king-k-sck-vial\/","title":{"rendered":"Energizing King K SCK Vial"},"content":{"rendered":"<p>Contraindicaciones:<br \/>\nNinguna reportada.<br \/>\nEn caso de reacci\u00f3n adversa, suspenda el suplemento y consulte a su m\u00e9dico.<\/p>\n","protected":false},"excerpt":{"rendered":"<p>Registro INVIMA: NSA-001738-2016<br \/>\nEnerg\u00eda para hombres con prote\u00ednas, vitaminas y minerales, mejora la condici\u00f3n f\u00edsica, el \u00e1nimo y autoestima positiva. Aumenta la potencia sexual y elimina la f\u00e1tiga sexual.<\/p>\n<p>&nbsp;<\/p>\n","protected":false},"featured_media":4020,"comment_status":"open","ping_status":"closed","template":"","meta":{"_exactmetrics_skip_tracking":false,"_exactmetrics_sitenote_active":false,"_exactmetrics_sitenote_note":"","_exactmetrics_sitenote_category":0},"product_cat":[124,117,15],"product_tag":[],"yoast_head":"<!-- This site is optimized with the Yoast SEO plugin v22.3 - https:\/\/yoast.com\/wordpress\/plugins\/seo\/ -->\n<title>Energizing King K SCK Vial - Obara Marketer<\/title>\n<meta name=\"robots\" content=\"index, follow, max-snippet:-1, max-image-preview:large, max-video-preview:-1\" \/>\n<link rel=\"canonical\" href=\"https:\/\/obaramk.com\/en\/product\/energizing-king-k-sck-vial\/\" \/>\n<meta property=\"og:locale\" content=\"en_US\" \/>\n<meta property=\"og:type\" content=\"article\" \/>\n<meta property=\"og:title\" content=\"Energizing King K SCK Vial - Obara Marketer\" \/>\n<meta property=\"og:description\" content=\"Registro INVIMA: NSA-001738-2016 Energ\u00eda para hombres con prote\u00ednas, vitaminas y minerales, mejora la condici\u00f3n f\u00edsica, el \u00e1nimo y autoestima positiva. Aumenta la potencia sexual y elimina la f\u00e1tiga sexual.  &nbsp;\" \/>\n<meta property=\"og:url\" content=\"https:\/\/obaramk.com\/en\/product\/energizing-king-k-sck-vial\/\" \/>\n<meta property=\"og:site_name\" content=\"Obara Marketer\" \/>\n<meta property=\"article:modified_time\" content=\"2021-01-05T10:25:53+00:00\" \/>\n<meta property=\"og:image\" content=\"https:\/\/obaramk.com\/wp-content\/uploads\/2019\/07\/q.png\" \/>\n\t<meta property=\"og:image:width\" content=\"500\" \/>\n\t<meta property=\"og:image:height\" content=\"500\" \/>\n\t<meta property=\"og:image:type\" content=\"image\/png\" \/>\n<meta name=\"twitter:card\" content=\"summary_large_image\" \/>\n<script type=\"application\/ld+json\" class=\"yoast-schema-graph\">{\"@context\":\"https:\/\/schema.org\",\"@graph\":[{\"@type\":\"WebPage\",\"@id\":\"https:\/\/obaramk.com\/en\/product\/energizing-king-k-sck-vial\/\",\"url\":\"https:\/\/obaramk.com\/en\/product\/energizing-king-k-sck-vial\/\",\"name\":\"Energizing King K SCK Vial - Obara Marketer\",\"isPartOf\":{\"@id\":\"https:\/\/obaramk.com\/en\/#website\"},\"primaryImageOfPage\":{\"@id\":\"https:\/\/obaramk.com\/en\/product\/energizing-king-k-sck-vial\/#primaryimage\"},\"image\":{\"@id\":\"https:\/\/obaramk.com\/en\/product\/energizing-king-k-sck-vial\/#primaryimage\"},\"thumbnailUrl\":\"https:\/\/obaramk.com\/wp-content\/uploads\/2019\/07\/q.png\",\"datePublished\":\"2019-07-20T20:20:24+00:00\",\"dateModified\":\"2021-01-05T10:25:53+00:00\",\"breadcrumb\":{\"@id\":\"https:\/\/obaramk.com\/en\/product\/energizing-king-k-sck-vial\/#breadcrumb\"},\"inLanguage\":\"en-US\",\"potentialAction\":[{\"@type\":\"ReadAction\",\"target\":[\"https:\/\/obaramk.com\/en\/product\/energizing-king-k-sck-vial\/\"]}]},{\"@type\":\"ImageObject\",\"inLanguage\":\"en-US\",\"@id\":\"https:\/\/obaramk.com\/en\/product\/energizing-king-k-sck-vial\/#primaryimage\",\"url\":\"https:\/\/obaramk.com\/wp-content\/uploads\/2019\/07\/q.png\",\"contentUrl\":\"https:\/\/obaramk.com\/wp-content\/uploads\/2019\/07\/q.png\",\"width\":500,\"height\":500},{\"@type\":\"BreadcrumbList\",\"@id\":\"https:\/\/obaramk.com\/en\/product\/energizing-king-k-sck-vial\/#breadcrumb\",\"itemListElement\":[{\"@type\":\"ListItem\",\"position\":1,\"name\":\"Home\",\"item\":\"https:\/\/obaramk.com\/en\/\"},{\"@type\":\"ListItem\",\"position\":2,\"name\":\"Shop\",\"item\":\"https:\/\/obaramk.com\/en\/shop\/\"},{\"@type\":\"ListItem\",\"position\":3,\"name\":\"Energizing King K SCK Vial\"}]},{\"@type\":\"WebSite\",\"@id\":\"https:\/\/obaramk.com\/en\/#website\",\"url\":\"https:\/\/obaramk.com\/en\/\",\"name\":\"Obara Marketer\",\"description\":\"Just another WordPress site\",\"potentialAction\":[{\"@type\":\"SearchAction\",\"target\":{\"@type\":\"EntryPoint\",\"urlTemplate\":\"https:\/\/obaramk.com\/en\/?s={search_term_string}\"},\"query-input\":\"required name=search_term_string\"}],\"inLanguage\":\"en-US\"}]}<\/script>\n<!-- \/ Yoast SEO plugin. -->","yoast_head_json":{"title":"Energizing King K SCK Vial - Obara Marketer","robots":{"index":"index","follow":"follow","max-snippet":"max-snippet:-1","max-image-preview":"max-image-preview:large","max-video-preview":"max-video-preview:-1"},"canonical":"https:\/\/obaramk.com\/en\/product\/energizing-king-k-sck-vial\/","og_locale":"en_US","og_type":"article","og_title":"Energizing King K SCK Vial - Obara Marketer","og_description":"Registro INVIMA: NSA-001738-2016 Energ\u00eda para hombres con prote\u00ednas, vitaminas y minerales, mejora la condici\u00f3n f\u00edsica, el \u00e1nimo y autoestima positiva. Aumenta la potencia sexual y elimina la f\u00e1tiga sexual.  &nbsp;","og_url":"https:\/\/obaramk.com\/en\/product\/energizing-king-k-sck-vial\/","og_site_name":"Obara Marketer","article_modified_time":"2021-01-05T10:25:53+00:00","og_image":[{"width":500,"height":500,"url":"https:\/\/obaramk.com\/wp-content\/uploads\/2019\/07\/q.png","type":"image\/png"}],"twitter_card":"summary_large_image","schema":{"@context":"https:\/\/schema.org","@graph":[{"@type":"WebPage","@id":"https:\/\/obaramk.com\/en\/product\/energizing-king-k-sck-vial\/","url":"https:\/\/obaramk.com\/en\/product\/energizing-king-k-sck-vial\/","name":"Energizing King K SCK Vial - Obara Marketer","isPartOf":{"@id":"https:\/\/obaramk.com\/en\/#website"},"primaryImageOfPage":{"@id":"https:\/\/obaramk.com\/en\/product\/energizing-king-k-sck-vial\/#primaryimage"},"image":{"@id":"https:\/\/obaramk.com\/en\/product\/energizing-king-k-sck-vial\/#primaryimage"},"thumbnailUrl":"https:\/\/obaramk.com\/wp-content\/uploads\/2019\/07\/q.png","datePublished":"2019-07-20T20:20:24+00:00","dateModified":"2021-01-05T10:25:53+00:00","breadcrumb":{"@id":"https:\/\/obaramk.com\/en\/product\/energizing-king-k-sck-vial\/#breadcrumb"},"inLanguage":"en-US","potentialAction":[{"@type":"ReadAction","target":["https:\/\/obaramk.com\/en\/product\/energizing-king-k-sck-vial\/"]}]},{"@type":"ImageObject","inLanguage":"en-US","@id":"https:\/\/obaramk.com\/en\/product\/energizing-king-k-sck-vial\/#primaryimage","url":"https:\/\/obaramk.com\/wp-content\/uploads\/2019\/07\/q.png","contentUrl":"https:\/\/obaramk.com\/wp-content\/uploads\/2019\/07\/q.png","width":500,"height":500},{"@type":"BreadcrumbList","@id":"https:\/\/obaramk.com\/en\/product\/energizing-king-k-sck-vial\/#breadcrumb","itemListElement":[{"@type":"ListItem","position":1,"name":"Home","item":"https:\/\/obaramk.com\/en\/"},{"@type":"ListItem","position":2,"name":"Shop","item":"https:\/\/obaramk.com\/en\/shop\/"},{"@type":"ListItem","position":3,"name":"Energizing King K SCK Vial"}]},{"@type":"WebSite","@id":"https:\/\/obaramk.com\/en\/#website","url":"https:\/\/obaramk.com\/en\/","name":"Obara Marketer","description":"Just another WordPress site","potentialAction":[{"@type":"SearchAction","target":{"@type":"EntryPoint","urlTemplate":"https:\/\/obaramk.com\/en\/?s={search_term_string}"},"query-input":"required name=search_term_string"}],"inLanguage":"en-US"}]}},"_links":{"self":[{"href":"https:\/\/obaramk.com\/en\/wp-json\/wp\/v2\/product\/3592"}],"collection":[{"href":"https:\/\/obaramk.com\/en\/wp-json\/wp\/v2\/product"}],"about":[{"href":"https:\/\/obaramk.com\/en\/wp-json\/wp\/v2\/types\/product"}],"replies":[{"embeddable":true,"href":"https:\/\/obaramk.com\/en\/wp-json\/wp\/v2\/comments?post=3592"}],"wp:featuredmedia":[{"embeddable":true,"href":"https:\/\/obaramk.com\/en\/wp-json\/wp\/v2\/media\/4020"}],"wp:attachment":[{"href":"https:\/\/obaramk.com\/en\/wp-json\/wp\/v2\/media?parent=3592"}],"wp:term":[{"taxonomy":"product_cat","embeddable":true,"href":"https:\/\/obaramk.com\/en\/wp-json\/wp\/v2\/product_cat?post=3592"},{"taxonomy":"product_tag","embeddable":true,"href":"https:\/\/obaramk.com\/en\/wp-json\/wp\/v2\/product_tag?post=3592"}],"curies":[{"name":"wp","href":"https:\/\/api.w.org\/{rel}","templated":true}]}}